{"id":1062,"date":"2016-12-05T20:54:50","date_gmt":"2016-12-05T20:54:50","guid":{"rendered":"http:\/\/vivid7.vetmed.illinois.edu\/wp\/inoue-lab\/?page_id=2"},"modified":"2023-06-02T09:30:39","modified_gmt":"2023-06-02T14:30:39","slug":"publications","status":"publish","type":"page","link":"https:\/\/vetmed.illinois.edu\/ziv-gal-lab\/publications\/","title":{"rendered":"Publications"},"content":{"rendered":"<div class=\"fusion-fullwidth fullwidth-box fusion-builder-row-1 nonhundred-percent-fullwidth non-hundred-percent-height-scrolling\" style=\"--awb-background-position:left top;--awb-border-sizes-top:0px;--awb-border-sizes-bottom:0px;--awb-border-sizes-left:0px;--awb-border-sizes-right:0px;--awb-border-radius-top-left:0px;--awb-border-radius-top-right:0px;--awb-border-radius-bottom-right:0px;--awb-border-radius-bottom-left:0px;--awb-padding-top:50px;--awb-padding-bottom:100px;--awb-flex-wrap:wrap;\" ><div class=\"fusion-builder-row fusion-row\"><div class=\"fusion-layout-column fusion_builder_column fusion-builder-column-0 fusion_builder_column_1_1 1_1 fusion-one-full fusion-column-first fusion-column-last fusion-column-no-min-height\" style=\"--awb-bg-size:cover;--awb-margin-bottom:0px;\"><div class=\"fusion-column-wrapper fusion-flex-column-wrapper-legacy\"><div class=\"fusion-text fusion-text-1\"><h2 style=\"text-align: left\">PUBLICATIONS<\/h2>\n<\/div><div class=\"fusion-sep-clear\"><\/div><div class=\"fusion-separator fusion-full-width-sep\" style=\"margin-left: auto;margin-right: auto;width:100%;\"><div class=\"fusion-separator-border sep-single sep-solid\" style=\"--awb-height:20px;--awb-amount:20px;--awb-sep-color:#003e7e;border-color:#003e7e;border-top-width:5px;\"><\/div><\/div><div class=\"fusion-sep-clear\"><\/div><div class=\"fusion-clearfix\"><\/div><\/div><\/div><div class=\"fusion-layout-column fusion_builder_column fusion-builder-column-1 fusion_builder_column_1_1 1_1 fusion-one-full fusion-column-first fusion-column-last\" style=\"--awb-padding-top:40px;--awb-padding-right:60px;--awb-padding-bottom:40px;--awb-padding-left:60px;--awb-bg-color:#ffffff;--awb-bg-color-hover:#ffffff;--awb-bg-size:cover;--awb-border-color:#e2e2e2;--awb-border-top:1px;--awb-border-right:1px;--awb-border-bottom:1px;--awb-border-left:1px;--awb-border-style:solid;\"><div class=\"fusion-column-wrapper fusion-flex-column-wrapper-legacy\"><div class=\"fusion-text fusion-text-2\" style=\"--awb-text-transform:none;\"><ol>\n<li style=\"list-style-type: none\">\n<ol>\n<li><a href=\"https:\/\/pubmed.ncbi.nlm.nih.gov\/35787012\/\">Parabens and Menopause-Related Health Outcomes in Midlife Women: A Pilot Study.<\/a> Pacyga DC, Chiang C, Li Z, Strakovsky RS, <strong>Ziv-Gal A. <\/strong>J Womens Health (Larchmt). 2022 Jul 5. doi: 10.1089\/jwh.2022.0004. PMID: 35787012<\/li>\n<li><a href=\"https:\/\/pubmed.ncbi.nlm.nih.gov\/34968297\/\">Early-Life Exposure to Environmental Contaminants Perturbs the Sperm Epigenome and Induces Negative Pregnancy Outcomes for Three Generations via the Paternal Lineage.<\/a> Maurice C, Dalvai M, Lambrot R, Desch\u00eanes A, Scott-Boyer MP, McGraw S, Chan D, C\u00f4t\u00e9 N, <strong>Ziv-Gal A<\/strong>, Flaws JA, Droit A, Trasler J, Kimmins S, Bailey JL. Epigenomes. 2021 May 1;5(2):10. doi: 10.3390\/epigenomes5020010. PMID: 34968297<\/li>\n<li><a href=\"https:\/\/pubmed.ncbi.nlm.nih.gov\/33358972\/\">Paraben exposure alters cell cycle progression and survival of spontaneously immortalized secretory murine oviductal epithelial (MOE) cells.<\/a> <strong>Ziv-Gal A<\/strong>, Berg MD, Dean M. Reprod Toxicol. 2021 Mar;100:7-16. doi: 10.1016\/j.reprotox.2020.12.016. Epub 2020 Dec 24. PMID: 33358972<\/li>\n<li><a href=\"https:\/\/pubmed.ncbi.nlm.nih.gov\/32992481\/\">Potential Role of Lycopene in the Prevention of Postmenopausal Bone Loss: Evidence from Molecular to Clinical Studies.<\/a> Walallawita US, Wolber FM, <strong>Ziv-Gal A<\/strong>, Kruger MC, Heyes JA. Int J Mol Sci. 2020 Sep 27;21(19):7119. doi: 10.3390\/ijms21197119. PMID: 32992481<\/li>\n<li><a href=\"https:\/\/pubmed.ncbi.nlm.nih.gov\/31306770\/\">Propylparaben inhibits mouse cultured antral follicle growth, alters steroidogenesis, and upregulates levels of cell-cycle and apoptosis regulators.<\/a> Gal A, Gedye K, Craig ZR, <strong>Ziv-Gal A. <\/strong>Reprod Toxicol. 2019 Oct;89:100-106. doi: 10.1016\/j.reprotox.2019.07.009. Epub 2019 Jul 12. PMID: 31306770<\/li>\n<li><a href=\"https:\/\/pubmed.ncbi.nlm.nih.gov\/29281099\/\">Pretty Good or Pretty Bad? The Ovary and Chemicals in Personal Care Products.<\/a> Craig ZR, <strong>Ziv-Gal A. <\/strong>Toxicol Sci. 2018 Apr 1;162(2):349-360. doi: 10.1093\/toxsci\/kfx285. PMID: 29281099<\/li>\n<li><a href=\"https:\/\/pubmed.ncbi.nlm.nih.gov\/28970132\/\">The effects of in utero bisphenol A exposure on ovarian follicle numbers and steroidogenesis in the F1 and F2 generations of mice.<\/a> Mahalingam S, Ther L, Gao L, Wang W, <strong>Ziv-Gal A<\/strong>, Flaws JA. Reprod Toxicol. 2017 Dec;74:150-157. doi: 10.1016\/j.reprotox.2017.09.013. Epub 2017 Sep 29. PMID: 28970132<\/li>\n<li><a href=\"https:\/\/pubmed.ncbi.nlm.nih.gov\/30766705\/\">The Midlife Women&#8217;s Health Study &#8211; a study protocol of a longitudinal prospective study on predictors of menopausal hot flashes.<\/a> <strong>Ziv-Gal A<\/strong>, Smith RL, Gallicchio L, Miller SR, Zacur HA, Flaws JA. Womens Midlife Health. 2017 Aug 17;3:4. doi: 10.1186\/s40695-017-0024-8. eCollection 2017. PMID: 30766705<\/li>\n<li><a href=\"https:\/\/pubmed.ncbi.nlm.nih.gov\/28324068\/\">Bisphenol A Exposure, Ovarian Follicle Numbers, and Female Sex Steroid Hormone Levels: Results From a CLARITY-BPA Study.<\/a> Patel S, Brehm E, Gao L, Rattan S, <strong>Ziv-Gal A<\/strong>, Flaws JA. Endocrinology. 2017 Jun 1;158(6):1727-1738. doi: 10.1210\/en.2016-1887. PMID: 28324068<\/li>\n<li><a href=\"https:\/\/pubmed.ncbi.nlm.nih.gov\/27417731\/\">Evidence for bisphenol A-induced female infertility: a review (2007-2016).<\/a> <strong>Ziv-Gal A<\/strong>, Flaws JA. Fertil Steril. 2016 Sep 15;106(4):827-56. doi: 10.1016\/j.fertnstert.2016.06.027. Epub 2016 Jul 12. PMID: 27417731<\/li>\n<li><a href=\"https:\/\/pubmed.ncbi.nlm.nih.gov\/26867866\/\">Phthalate metabolite levels and menopausal hot flashes in midlife women.<\/a> <strong>Ziv-Gal A<\/strong>, Gallicchio L, Chiang C, Ther SN, Miller SR, Zacur HA, Dills RL, Flaws JA. Reprod Toxicol. 2016 Apr;60:76-81. doi: 10.1016\/j.reprotox.2016.02.001. Epub 2016 Feb 8. PMID: 26867866<\/li>\n<li><a href=\"https:\/\/pubmed.ncbi.nlm.nih.gov\/26746108\/\">The effects of in utero bisphenol A exposure on the ovaries in multiple generations of mice.<\/a> Berger A, <strong>Ziv-Gal A<\/strong>, Cudiamat J, Wang W, Zhou C, Flaws JA. Reprod Toxicol. 2016 Apr;60:39-52. doi: 10.1016\/j.reprotox.2015.12.004. Epub 2015 Dec 30. PMID: 26746108<\/li>\n<li><a href=\"https:\/\/pubmed.ncbi.nlm.nih.gov\/25771130\/\">The effects of in utero bisphenol A exposure on reproductive capacity in several generations of mice.<\/a> <strong>Ziv-Gal A<\/strong>, Wang W, Zhou C, Flaws JA. Toxicol Appl Pharmacol. 2015 May 1;284(3):354-62. doi: 10.1016\/j.taap.2015.03.003. Epub 2015 Mar 11. PMID: 25771130<\/li>\n<li><a href=\"https:\/\/pubmed.ncbi.nlm.nih.gov\/25500125\/\">In vitro re-expression of the aryl hydrocarbon receptor (Ahr) in cultured Ahr-deficient mouse antral follicles partially restores the phenotype to that of cultured wild-type mouse follicles.<\/a> <strong>Ziv-Gal A<\/strong>, Gao L, Karman BN, Flaws JA. Toxicol In Vitro. 2015 Mar;29(2):329-36. doi: 10.1016\/j.tiv.2014.11.011. Epub 2014 Dec 9. PMID: 25500125<\/li>\n<li><a href=\"https:\/\/pubmed.ncbi.nlm.nih.gov\/25026114\/\">A potentially functional variant in the serotonin transporter gene is associated with premenopausal and perimenopausal hot flashes.<\/a> Montasser ME, <strong>Ziv-Gal A<\/strong>, Brown JP, Flaws JA, Merchenthaler I. Menopause. 2015 Jan;22(1):108-13. doi: 10.1097\/GME.0000000000000291. PMID: 25026114<\/li>\n<li><a href=\"https:\/\/pubmed.ncbi.nlm.nih.gov\/23928317\/\">Bisphenol A inhibits cultured mouse ovarian follicle growth partially via the aryl hydrocarbon receptor signaling pathway.<\/a> <strong>Ziv-Gal A<\/strong>, Craig ZR, Wang W, Flaws JA. Reprod Toxicol. 2013 Dec;42:58-67. doi: 10.1016\/j.reprotox.2013.07.022. Epub 2013 Aug 6. PMID: 23928317<\/li>\n<li><a href=\"https:\/\/pubmed.ncbi.nlm.nih.gov\/23768840\/\">Genetic polymorphisms in the aryl hydrocarbon receptor-signaling pathway and sleep disturbances in middle-aged women.<\/a> <strong>Ziv-Gal A<\/strong>, Flaws JA, Mahoney MM, Miller SR, Zacur HA, Gallicchio L. Sleep Med. 2013 Sep;14(9):883-7. doi: 10.1016\/j.sleep.2013.04.007. Epub 2013 Jun 13. PMID: 23768840<\/li>\n<li><a href=\"https:\/\/pubmed.ncbi.nlm.nih.gov\/23242528\/\">Di-n-butyl phthalate disrupts the expression of genes involved in cell cycle and apoptotic pathways in mouse ovarian antral follicles.<\/a> Craig ZR, Hannon PR, Wang W, <strong>Ziv-Gal A<\/strong>, Flaws JA. Biol Reprod. 2013 Jan 31;88(1):23. doi: 10.1095\/biolreprod.112.105122. Print 2013 Jan. PMID: 23242528<\/li>\n<li><a href=\"https:\/\/pubmed.ncbi.nlm.nih.gov\/22840970\/\">Genetic polymorphisms in the aryl hydrocarbon receptor signaling pathway as potential risk factors of menopausal hot flashes.<\/a> <strong>Ziv-Gal A<\/strong>, Gallicchio L, Miller SR, Zacur HA, Flaws JA. Am J Obstet Gynecol. 2012 Sep;207(3):202.e9-202.e18. doi: 10.1016\/j.ajog.2012.05.019. Epub 2012 Jun 1. PMID: 22840970<\/li>\n<li><a href=\"https:\/\/pubmed.ncbi.nlm.nih.gov\/22104650\/\">A genetic polymorphism in the CYP19A1 gene and the risk of hypertension among midlife women.<\/a> <strong>Ziv-Gal A<\/strong>, Gallicchio L, Miller SR, Zacur HA, Flaws JA. Maturitas. 2012 Jan;71(1):70-5. doi: 10.1016\/j.maturitas.2011.10.012. Epub 2011 Nov 21. PMID: 22104650<\/li>\n<li><a href=\"https:\/\/pubmed.ncbi.nlm.nih.gov\/20831431\/\">Factors that may influence the experience of hot flushes by healthy middle-aged women.<\/a> <strong>Ziv-Gal A<\/strong>, Flaws JA. J Womens Health (Larchmt). 2010 Oct;19(10):1905-14. doi: 10.1089\/jwh.2009.1852. PMID: 20831431<\/li>\n<\/ol>\n<\/li>\n<\/ol>\n<\/div><div class=\"fusion-clearfix\"><\/div><\/div><\/div><\/div><\/div>\n","protected":false},"excerpt":{"rendered":"","protected":false},"author":3,"featured_media":0,"parent":0,"menu_order":0,"comment_status":"closed","ping_status":"open","template":"","meta":{"footnotes":""},"class_list":["post-1062","page","type-page","status-publish","hentry"],"_links":{"self":[{"href":"https:\/\/vetmed.illinois.edu\/ziv-gal-lab\/wp-json\/wp\/v2\/pages\/1062","targetHints":{"allow":["GET"]}}],"collection":[{"href":"https:\/\/vetmed.illinois.edu\/ziv-gal-lab\/wp-json\/wp\/v2\/pages"}],"about":[{"href":"https:\/\/vetmed.illinois.edu\/ziv-gal-lab\/wp-json\/wp\/v2\/types\/page"}],"author":[{"embeddable":true,"href":"https:\/\/vetmed.illinois.edu\/ziv-gal-lab\/wp-json\/wp\/v2\/users\/3"}],"replies":[{"embeddable":true,"href":"https:\/\/vetmed.illinois.edu\/ziv-gal-lab\/wp-json\/wp\/v2\/comments?post=1062"}],"version-history":[{"count":4,"href":"https:\/\/vetmed.illinois.edu\/ziv-gal-lab\/wp-json\/wp\/v2\/pages\/1062\/revisions"}],"predecessor-version":[{"id":2191,"href":"https:\/\/vetmed.illinois.edu\/ziv-gal-lab\/wp-json\/wp\/v2\/pages\/1062\/revisions\/2191"}],"wp:attachment":[{"href":"https:\/\/vetmed.illinois.edu\/ziv-gal-lab\/wp-json\/wp\/v2\/media?parent=1062"}],"curies":[{"name":"wp","href":"https:\/\/api.w.org\/{rel}","templated":true}]}}